{"id":7,"date":"2024-12-16T15:10:10","date_gmt":"2024-12-16T15:10:10","guid":{"rendered":"https:\/\/rozcesnik.alexiacreativeliptov.sk\/?page_id=7"},"modified":"2025-12-02T12:22:31","modified_gmt":"2025-12-02T12:22:31","slug":"homepage","status":"publish","type":"page","link":"https:\/\/www.alexiacreativeliptov.sk\/","title":{"rendered":"Domov"},"content":{"rendered":"\t\t<div data-elementor-type=\"wp-page\" data-elementor-id=\"7\" class=\"elementor elementor-7\">\n\t\t\t\t\t\t<section class=\"elementor-section elementor-top-section elementor-element elementor-element-f88bc94 elementor-hidden-tablet elementor-hidden-mobile elementor-hidden-desktop elementor-section-boxed elementor-section-height-default elementor-section-height-default\" data-id=\"f88bc94\" data-element_type=\"section\">\n\t\t\t\t\t\t<div class=\"elementor-container elementor-column-gap-default\">\n\t\t\t\t\t<div class=\"elementor-column elementor-col-100 elementor-top-column elementor-element elementor-element-76fe687\" data-id=\"76fe687\" data-element_type=\"column\">\n\t\t\t<div class=\"elementor-widget-wrap elementor-element-populated\">\n\t\t\t\t\t\t<div class=\"elementor-element elementor-element-366b49c elementor-widget elementor-widget-html\" data-id=\"366b49c\" data-element_type=\"widget\" data-widget_type=\"html.default\">\n\t\t\t\t<div class=\"elementor-widget-container\">\n\t\t\t\t\t<script src=\"https:\/\/ajax.googleapis.com\/ajax\/libs\/jquery\/3.7.1\/jquery.min.js\"><\/script>\n\n<script>\njQuery(document).ready(function($) {\n    function isMobileDevice() {\n        return window.matchMedia(\"(max-width: 768px)\").matches;\n    }\n\n    if (!isMobileDevice()) {\n        $('.right_col').hover(\n            function() {\n                $('.left_col').css('width', '33%'); \/\/ Shrink left column\n                $(this).css('width', '67%'); \/\/ Expand right column\n            },\n            function() {\n                $('.left_col').css('width', '50%'); \/\/ Reset left column\n                $(this).css('width', '50%'); \/\/ Reset right column\n            }\n        );\n\n        $('.left_col').hover(\n            function() {\n                $('.right_col').css('width', '33%'); \/\/ Shrink right column\n                $(this).css('width', '67%'); \/\/ Expand left column\n            },\n            function() {\n                $('.right_col').css('width', '50%'); \/\/ Reset right column\n                $(this).css('width', '50%'); \/\/ Reset left column\n            }\n        );\n    }\n});\n<\/script>\t\t\t\t<\/div>\n\t\t\t\t<\/div>\n\t\t\t\t\t<\/div>\n\t\t<\/div>\n\t\t\t\t\t<\/div>\n\t\t<\/section>\n\t\t\t\t<section class=\"elementor-section elementor-top-section elementor-element elementor-element-e155203 elementor-section-full_width elementor-section-stretched container_main_hover elementor-section-height-default elementor-section-height-default\" data-id=\"e155203\" data-element_type=\"section\" data-settings=\"{&quot;stretch_section&quot;:&quot;section-stretched&quot;}\">\n\t\t\t\t\t\t<div class=\"elementor-container elementor-column-gap-default\">\n\t\t\t\t\t<div class=\"elementor-column elementor-col-50 elementor-top-column elementor-element elementor-element-2de11e9 left_col\" data-id=\"2de11e9\" data-element_type=\"column\" id=\"mypadd\" data-settings=\"{&quot;background_background&quot;:&quot;classic&quot;}\">\n\t\t\t<div class=\"elementor-widget-wrap elementor-element-populated\">\n\t\t\t\t\t\t<div class=\"elementor-element elementor-element-e00cba9 mylogo elementor-widget elementor-widget-image\" data-id=\"e00cba9\" data-element_type=\"widget\" data-widget_type=\"image.default\">\n\t\t\t\t<div class=\"elementor-widget-container\">\n\t\t\t\t\t\t\t\t\t\t\t\t\t\t\t<img fetchpriority=\"high\" decoding=\"async\" width=\"1024\" height=\"326\" src=\"https:\/\/www.alexiacreativeliptov.sk\/wp-content\/uploads\/2024\/12\/Asset-20-1.svg\" class=\"attachment-large size-large wp-image-104\" alt=\"\" \/>\t\t\t\t\t\t\t\t\t\t\t\t\t\t\t<\/div>\n\t\t\t\t<\/div>\n\t\t\t\t<div class=\"elementor-element elementor-element-75b285a mywidth elementor-widget elementor-widget-heading\" data-id=\"75b285a\" data-element_type=\"widget\" data-widget_type=\"heading.default\">\n\t\t\t\t<div class=\"elementor-widget-container\">\n\t\t\t\t\t<h2 class=\"elementor-heading-title elementor-size-default\">Zdrav\u00fd \u00fasmev je korunkou \nva\u0161ej kr\u00e1sy<\/h2>\t\t\t\t<\/div>\n\t\t\t\t<\/div>\n\t\t\t\t<div class=\"elementor-element elementor-element-0727aea mywidth elementor-widget elementor-widget-text-editor\" data-id=\"0727aea\" data-element_type=\"widget\" data-widget_type=\"text-editor.default\">\n\t\t\t\t<div class=\"elementor-widget-container\">\n\t\t\t\t\t\t\t\t\t<p>Modern\u00e9 technol\u00f3gie, odborn\u00fd pr\u00edstup a individu\u00e1lna starostlivos\u0165 \u2013 to je Alexia Dental Clinic. Poskytujeme \u0161pi\u010dkov\u00e9 slu\u017eby pre zdrav\u00e9 a kr\u00e1sne zuby s dlhodob\u00fdmi v\u00fdsledkami. Va\u0161e zdravie a \u00fasmev s\u00fa u n\u00e1s v t\u00fdch najlep\u0161\u00edch ruk\u00e1ch.<\/p>\t\t\t\t\t\t\t\t<\/div>\n\t\t\t\t<\/div>\n\t\t\t\t<div class=\"elementor-element elementor-element-22a215d elementor-widget elementor-widget-button\" data-id=\"22a215d\" data-element_type=\"widget\" data-widget_type=\"button.default\">\n\t\t\t\t<div class=\"elementor-widget-container\">\n\t\t\t\t\t\t\t\t\t<div class=\"elementor-button-wrapper\">\n\t\t\t\t\t<a class=\"elementor-button elementor-button-link elementor-size-sm\" href=\"https:\/\/www.alexiadentalclinic.sk\/\">\n\t\t\t\t\t\t<span class=\"elementor-button-content-wrapper\">\n\t\t\t\t\t\t\t\t\t<span class=\"elementor-button-text\">Objavte viac<\/span>\n\t\t\t\t\t<\/span>\n\t\t\t\t\t<\/a>\n\t\t\t\t<\/div>\n\t\t\t\t\t\t\t\t<\/div>\n\t\t\t\t<\/div>\n\t\t\t\t\t<\/div>\n\t\t<\/div>\n\t\t\t\t<div class=\"elementor-column elementor-col-50 elementor-top-column elementor-element elementor-element-a6bc6b2 right_col\" data-id=\"a6bc6b2\" data-element_type=\"column\" id=\"mypadd\" data-settings=\"{&quot;background_background&quot;:&quot;classic&quot;}\">\n\t\t\t<div class=\"elementor-widget-wrap elementor-element-populated\">\n\t\t\t\t\t\t<div class=\"elementor-element elementor-element-05d7906 mylogo elementor-widget elementor-widget-image\" data-id=\"05d7906\" data-element_type=\"widget\" data-widget_type=\"image.default\">\n\t\t\t\t<div class=\"elementor-widget-container\">\n\t\t\t\t\t\t\t\t\t\t\t\t\t\t\t<img decoding=\"async\" width=\"1024\" height=\"1024\" src=\"https:\/\/www.alexiacreativeliptov.sk\/wp-content\/uploads\/2025\/01\/Layer-1-2-5.svg\" class=\"attachment-large size-large wp-image-154\" alt=\"\" \/>\t\t\t\t\t\t\t\t\t\t\t\t\t\t\t<\/div>\n\t\t\t\t<\/div>\n\t\t\t\t<div class=\"elementor-element elementor-element-aa4f2ea mywidth elementor-widget elementor-widget-heading\" data-id=\"aa4f2ea\" data-element_type=\"widget\" data-widget_type=\"heading.default\">\n\t\t\t\t<div class=\"elementor-widget-container\">\n\t\t\t\t\t<h2 class=\"elementor-heading-title elementor-size-default\">Doprajte si pocit sebavedomia <br>\ns laserovou presnos\u0165ou<\/h2>\t\t\t\t<\/div>\n\t\t\t\t<\/div>\n\t\t\t\t<div class=\"elementor-element elementor-element-178fea9 mywidth elementor-widget elementor-widget-text-editor\" data-id=\"178fea9\" data-element_type=\"widget\" data-widget_type=\"text-editor.default\">\n\t\t\t\t<div class=\"elementor-widget-container\">\n\t\t\t\t\t\t\t\t\t<p>\u0160pi\u010dkov\u00e9 laserov\u00e9 proced\u00fary zv\u00fdraznia va\u0161u prirodzen\u00fa kr\u00e1su \u2013 bez bolesti, ihiel a umel\u00fdch l\u00e1tok. Prin\u00e1\u0161aj\u00fa vynikaj\u00face a dlhodob\u00e9 v\u00fdsledky, ktor\u00e9 si zamilujete. Starostlivos\u0165 o seba nie je v\u00fddavok, ale invest\u00edcia do v\u00e1\u0161ho sebavedomia.<\/p>\t\t\t\t\t\t\t\t<\/div>\n\t\t\t\t<\/div>\n\t\t\t\t<div class=\"elementor-element elementor-element-8d00953 elementor-widget elementor-widget-button\" data-id=\"8d00953\" data-element_type=\"widget\" data-widget_type=\"button.default\">\n\t\t\t\t<div class=\"elementor-widget-container\">\n\t\t\t\t\t\t\t\t\t<div class=\"elementor-button-wrapper\">\n\t\t\t\t\t<a class=\"elementor-button elementor-button-link elementor-size-sm\" href=\"https:\/\/alexialaserclinic.sk\/\">\n\t\t\t\t\t\t<span class=\"elementor-button-content-wrapper\">\n\t\t\t\t\t\t\t\t\t<span class=\"elementor-button-text\">Objavte viac<\/span>\n\t\t\t\t\t<\/span>\n\t\t\t\t\t<\/a>\n\t\t\t\t<\/div>\n\t\t\t\t\t\t\t\t<\/div>\n\t\t\t\t<\/div>\n\t\t\t\t\t<\/div>\n\t\t<\/div>\n\t\t\t\t\t<\/div>\n\t\t<\/section>\n\t\t\t\t<\/div>\n\t\t","protected":false},"excerpt":{"rendered":"<p>Zdrav\u00fd \u00fasmev je korunkou va\u0161ej kr\u00e1sy Modern\u00e9 technol\u00f3gie, odborn\u00fd pr\u00edstup a individu\u00e1lna starostlivos\u0165 \u2013 to je Alexia Dental Clinic. Poskytujeme \u0161pi\u010dkov\u00e9 slu\u017eby pre zdrav\u00e9 a kr\u00e1sne zuby s dlhodob\u00fdmi v\u00fdsledkami. Va\u0161e zdravie a \u00fasmev s\u00fa u n\u00e1s v t\u00fdch najlep\u0161\u00edch ruk\u00e1ch. Objavte viac Doprajte si pocit sebavedomia s laserovou presnos\u0165ou \u0160pi\u010dkov\u00e9 laserov\u00e9 proced\u00fary zv\u00fdraznia va\u0161u [&hellip;]<\/p>\n","protected":false},"author":3,"featured_media":0,"parent":0,"menu_order":0,"comment_status":"closed","ping_status":"closed","template":"","meta":{"inline_featured_image":false,"footnotes":""},"class_list":["post-7","page","type-page","status-publish","hentry"],"_links":{"self":[{"href":"https:\/\/www.alexiacreativeliptov.sk\/index.php\/wp-json\/wp\/v2\/pages\/7","targetHints":{"allow":["GET"]}}],"collection":[{"href":"https:\/\/www.alexiacreativeliptov.sk\/index.php\/wp-json\/wp\/v2\/pages"}],"about":[{"href":"https:\/\/www.alexiacreativeliptov.sk\/index.php\/wp-json\/wp\/v2\/types\/page"}],"author":[{"embeddable":true,"href":"https:\/\/www.alexiacreativeliptov.sk\/index.php\/wp-json\/wp\/v2\/users\/3"}],"replies":[{"embeddable":true,"href":"https:\/\/www.alexiacreativeliptov.sk\/index.php\/wp-json\/wp\/v2\/comments?post=7"}],"version-history":[{"count":96,"href":"https:\/\/www.alexiacreativeliptov.sk\/index.php\/wp-json\/wp\/v2\/pages\/7\/revisions"}],"predecessor-version":[{"id":178,"href":"https:\/\/www.alexiacreativeliptov.sk\/index.php\/wp-json\/wp\/v2\/pages\/7\/revisions\/178"}],"wp:attachment":[{"href":"https:\/\/www.alexiacreativeliptov.sk\/index.php\/wp-json\/wp\/v2\/media?parent=7"}],"curies":[{"name":"wp","href":"https:\/\/api.w.org\/{rel}","templated":true}]}}